{"id":24,"date":"2023-10-26T13:03:15","date_gmt":"2023-10-26T13:03:15","guid":{"rendered":"https:\/\/arca.events\/?page_id=24"},"modified":"2023-10-27T14:30:07","modified_gmt":"2023-10-27T14:30:07","slug":"home","status":"publish","type":"page","link":"https:\/\/arca.events\/","title":{"rendered":"Home"},"content":{"rendered":"<p>[et_pb_section fb_built=&#8221;1&#8243; _builder_version=&#8221;4.23&#8243; _module_preset=&#8221;default&#8221; background_color=&#8221;#000000&#8243; background_image=&#8221;https:\/\/arca.events\/wp-content\/uploads\/2023\/10\/Img-Fundo-Header.png&#8221; custom_margin=&#8221;0px||0px||true|false&#8221; custom_padding=&#8221;0px||0px||true|false&#8221; global_colors_info=&#8221;{}&#8221; custom_css_main_element_last_edited=&#8221;off|desktop&#8221; custom_css_main_element_tablet=&#8221;display: block;&#8221;][et_pb_row column_structure=&#8221;3_5,2_5&#8243; custom_padding_last_edited=&#8221;on|phone&#8221; _builder_version=&#8221;4.23&#8243; _module_preset=&#8221;default&#8221; width=&#8221;100%&#8221; max_width=&#8221;100%&#8221; custom_margin_tablet=&#8221;&#8221; custom_margin_phone=&#8221;||||false|false&#8221; custom_margin_last_edited=&#8221;on|phone&#8221; custom_padding=&#8221;0px||0px||true|false&#8221; custom_padding_tablet=&#8221;0px||0px||true|false&#8221; custom_padding_phone=&#8221;58px||0px||false|false&#8221; custom_css_main_element=&#8221;display: flex;||  align-items: center;||  justify-content: center;&#8221; global_colors_info=&#8221;{}&#8221; custom_css_main_element_last_edited=&#8221;on|tablet&#8221; custom_css_main_element_tablet=&#8221;display: block;||&#8221; custom_css_main_element_phone=&#8221;display: block;||&#8221;][et_pb_column type=&#8221;3_5&#8243; _builder_version=&#8221;4.23&#8243; _module_preset=&#8221;default&#8221; background_enable_color=&#8221;off&#8221; custom_padding=&#8221;|||62px|false|false&#8221; custom_padding_tablet=&#8221;|||62px|false|false&#8221; custom_padding_phone=&#8221;|5%||5%|false|true&#8221; custom_padding_last_edited=&#8221;on|phone&#8221; global_colors_info=&#8221;{}&#8221;][et_pb_image src=&#8221;https:\/\/arca.events\/wp-content\/uploads\/2023\/10\/Logo-arca-events-1.png&#8221; title_text=&#8221;Logo-arca-events-1&#8243; _builder_version=&#8221;4.23&#8243; _module_preset=&#8221;default&#8221; max_width=&#8221;500px&#8221; max_width_tablet=&#8221;500px&#8221; max_width_phone=&#8221;327px&#8221; max_width_last_edited=&#8221;on|phone&#8221; module_alignment=&#8221;left&#8221; custom_padding=&#8221;||57px||false|false&#8221; module_alignment_tablet=&#8221;left&#8221; module_alignment_phone=&#8221;center&#8221; module_alignment_last_edited=&#8221;on|desktop&#8221; global_colors_info=&#8221;{}&#8221;][\/et_pb_image][et_pb_text _builder_version=&#8221;4.23&#8243; _module_preset=&#8221;default&#8221; text_text_color=&#8221;#FFFFFF&#8221; text_font_size=&#8221;18px&#8221; text_line_height=&#8221;2.1em&#8221; text_font_size_tablet=&#8221;18px&#8221; text_font_size_phone=&#8221;17px&#8221; text_font_size_last_edited=&#8221;on|phone&#8221; text_orientation_tablet=&#8221;&#8221; text_orientation_phone=&#8221;center&#8221; text_orientation_last_edited=&#8221;on|phone&#8221; global_colors_info=&#8221;{}&#8221;]<\/p>\n<p><span style=\"color: #db74e0;\">\u2022 <\/span>Tour Management<br \/><span style=\"color: #db74e0;\">\u2022<\/span> Produ\u00e7\u00e3o de Eventos<br \/><span style=\"color: #db74e0;\">\u2022<\/span> Live Marketing<br \/><span style=\"color: #db74e0;\">\u2022<\/span> Shows Internacionais<\/p>\n<p>[\/et_pb_text][\/et_pb_column][et_pb_column type=&#8221;2_5&#8243; _builder_version=&#8221;4.23&#8243; _module_preset=&#8221;default&#8221; background_color=&#8221;#6627de&#8221; global_colors_info=&#8221;{}&#8221;][et_pb_image src=&#8221;https:\/\/arca.events\/wp-content\/uploads\/2023\/10\/img-slide-1.png&#8221; title_text=&#8221;img-slide-1&#8243; _builder_version=&#8221;4.23&#8243; _module_preset=&#8221;default&#8221; custom_margin=&#8221;0px||0px||true|false&#8221; custom_padding=&#8221;0px||0px||true|false&#8221; global_colors_info=&#8221;{}&#8221;][\/et_pb_image][et_pb_text _builder_version=&#8221;4.23&#8243; _module_preset=&#8221;default&#8221; text_text_color=&#8221;#FFFFFF&#8221; text_orientation=&#8221;center&#8221; custom_margin=&#8221;74px|40px|40px|40px|false|true&#8221; custom_padding=&#8221;||||true|false&#8221; global_colors_info=&#8221;{}&#8221;]<\/p>\n<p>Arca Events \u00e9 uma empresa l\u00edder no setor de produ\u00e7\u00e3o de eventos, especializada em produ\u00e7\u00e3o, planejamento e execu\u00e7\u00e3o de eventos de grande escala, nacionais e Internacionais, que buscam criar experi\u00eancias inesquec\u00edveis e impactantes para seu p\u00fablico.<\/p>\n<p>[\/et_pb_text][et_pb_text _builder_version=&#8221;4.23&#8243; _module_preset=&#8221;default&#8221; text_text_color=&#8221;#FFFFFF&#8221; link_font=&#8221;|||on|||||&#8221; link_text_align=&#8221;right&#8221; link_text_color=&#8221;#FFFFFF&#8221; link_font_size=&#8221;16px&#8221; text_orientation=&#8221;center&#8221; max_width=&#8221;192px&#8221; module_alignment=&#8221;center&#8221; custom_margin=&#8221;|-131px|81px|-3px|false|false&#8221; custom_padding=&#8221;11px|4px|11px|4px|true|true&#8221; border_radii=&#8221;on|100px|100px|100px|100px&#8221; border_width_all=&#8221;2px&#8221; border_color_all=&#8221;#FFFFFF&#8221; global_colors_info=&#8221;{}&#8221;]<\/p>\n<p><a href=\"#\"><strong>Contato<\/strong><\/a><\/p>\n<p>[\/et_pb_text][\/et_pb_column][\/et_pb_row][\/et_pb_section][et_pb_section fb_built=&#8221;1&#8243; disabled_on=&#8221;off|on|on&#8221; _builder_version=&#8221;4.23&#8243; _module_preset=&#8221;default&#8221; background_image=&#8221;https:\/\/arca.events\/wp-content\/uploads\/2023\/10\/Arca-Events-Design-Site02.jpg&#8221; height=&#8221;40vh&#8221; custom_margin=&#8221;0px|0px|0px|0px|true|true&#8221; custom_padding=&#8221;0px|0px|0px|0px|true|true&#8221; global_colors_info=&#8221;{}&#8221;][et_pb_row _builder_version=&#8221;4.23&#8243; _module_preset=&#8221;default&#8221; custom_margin=&#8221;0px||0px||true|false&#8221; custom_padding=&#8221;0px||0px||true|false&#8221; global_colors_info=&#8221;{}&#8221;][et_pb_column type=&#8221;4_4&#8243; _builder_version=&#8221;4.23&#8243; _module_preset=&#8221;default&#8221; global_colors_info=&#8221;{}&#8221;][\/et_pb_column][\/et_pb_row][\/et_pb_section][et_pb_section fb_built=&#8221;1&#8243; disabled_on=&#8221;off|on|on&#8221; _builder_version=&#8221;4.23&#8243; _module_preset=&#8221;default&#8221; background_image=&#8221;https:\/\/arca.events\/wp-content\/uploads\/2023\/10\/Arca-Events-Design-Site03.jpg&#8221; height=&#8221;40vh&#8221; custom_margin=&#8221;0px|0px|0px|0px|true|true&#8221; custom_padding=&#8221;0px|0px|0px|0px|true|true&#8221; global_colors_info=&#8221;{}&#8221;][et_pb_row _builder_version=&#8221;4.23&#8243; _module_preset=&#8221;default&#8221; custom_margin=&#8221;0px||0px||true|false&#8221; custom_padding=&#8221;0px||0px||true|false&#8221; global_colors_info=&#8221;{}&#8221;][et_pb_column type=&#8221;4_4&#8243; _builder_version=&#8221;4.23&#8243; _module_preset=&#8221;default&#8221; global_colors_info=&#8221;{}&#8221;][\/et_pb_column][\/et_pb_row][\/et_pb_section][et_pb_section fb_built=&#8221;1&#8243; disabled_on=&#8221;off|on|on&#8221; _builder_version=&#8221;4.23&#8243; _module_preset=&#8221;default&#8221; background_image=&#8221;https:\/\/arca.events\/wp-content\/uploads\/2023\/10\/Arca-Events-Design-Site04.jpg&#8221; height=&#8221;40vh&#8221; custom_margin=&#8221;0px|0px|0px|0px|true|true&#8221; custom_padding=&#8221;0px|0px|0px|0px|true|true&#8221; global_colors_info=&#8221;{}&#8221;][et_pb_row _builder_version=&#8221;4.23&#8243; _module_preset=&#8221;default&#8221; custom_margin=&#8221;0px||0px||true|false&#8221; custom_padding=&#8221;0px||0px||true|false&#8221; global_colors_info=&#8221;{}&#8221;][et_pb_column type=&#8221;4_4&#8243; _builder_version=&#8221;4.23&#8243; _module_preset=&#8221;default&#8221; global_colors_info=&#8221;{}&#8221;][\/et_pb_column][\/et_pb_row][\/et_pb_section][et_pb_section fb_built=&#8221;1&#8243; disabled_on=&#8221;off|on|on&#8221; _builder_version=&#8221;4.23&#8243; _module_preset=&#8221;default&#8221; background_image=&#8221;https:\/\/arca.events\/wp-content\/uploads\/2023\/10\/Arca-Events-Design-Site05.jpg&#8221; height=&#8221;40vh&#8221; custom_margin=&#8221;0px|0px|0px|0px|true|true&#8221; custom_padding=&#8221;0px|0px|0px|0px|true|true&#8221; global_colors_info=&#8221;{}&#8221;][et_pb_row _builder_version=&#8221;4.23&#8243; _module_preset=&#8221;default&#8221; custom_margin=&#8221;0px||0px||true|false&#8221; custom_padding=&#8221;0px||0px||true|false&#8221; global_colors_info=&#8221;{}&#8221;][et_pb_column type=&#8221;4_4&#8243; _builder_version=&#8221;4.23&#8243; _module_preset=&#8221;default&#8221; global_colors_info=&#8221;{}&#8221;][\/et_pb_column][\/et_pb_row][\/et_pb_section][et_pb_section fb_built=&#8221;1&#8243; disabled_on=&#8221;off|on|on&#8221; _builder_version=&#8221;4.23&#8243; _module_preset=&#8221;default&#8221; background_image=&#8221;https:\/\/arca.events\/wp-content\/uploads\/2023\/10\/Arca-Events-Design-Site06.jpg&#8221; height=&#8221;40vh&#8221; custom_margin=&#8221;0px|0px|0px|0px|true|true&#8221; custom_padding=&#8221;0px|0px|0px|0px|true|true&#8221; hover_enabled=&#8221;0&#8243; global_colors_info=&#8221;{}&#8221; sticky_enabled=&#8221;0&#8243;][et_pb_row _builder_version=&#8221;4.23&#8243; _module_preset=&#8221;default&#8221; custom_margin=&#8221;0px||0px||true|false&#8221; custom_padding=&#8221;0px||0px||true|false&#8221; global_colors_info=&#8221;{}&#8221;][et_pb_column type=&#8221;4_4&#8243; _builder_version=&#8221;4.23&#8243; _module_preset=&#8221;default&#8221; global_colors_info=&#8221;{}&#8221;][\/et_pb_column][\/et_pb_row][\/et_pb_section][et_pb_section fb_built=&#8221;1&#8243; disabled_on=&#8221;on|off|off&#8221; _builder_version=&#8221;4.23&#8243; _module_preset=&#8221;default&#8221; custom_padding=&#8221;0px||0px||true|false&#8221; hover_enabled=&#8221;0&#8243; global_colors_info=&#8221;{}&#8221; title_text=&#8221;Arca Events &#8211; Design Site02&#8243; background_image=&#8221;https:\/\/arca.events\/wp-content\/uploads\/2023\/10\/Arca-Events-Design-Site02.jpg&#8221; sticky_enabled=&#8221;0&#8243; height=&#8221;100vh&#8221;][\/et_pb_section][et_pb_section fb_built=&#8221;1&#8243; disabled_on=&#8221;on|off|off&#8221; _builder_version=&#8221;4.23&#8243; _module_preset=&#8221;default&#8221; custom_padding=&#8221;0px||0px||true|false&#8221; hover_enabled=&#8221;0&#8243; global_colors_info=&#8221;{}&#8221; title_text=&#8221;Arca Events &#8211; Design Site03&#8243; background_image=&#8221;https:\/\/arca.events\/wp-content\/uploads\/2023\/10\/Arca-Events-Design-Site03.jpg&#8221; sticky_enabled=&#8221;0&#8243; height=&#8221;100vh&#8221;][\/et_pb_section][et_pb_section fb_built=&#8221;1&#8243; disabled_on=&#8221;on|off|off&#8221; _builder_version=&#8221;4.23&#8243; _module_preset=&#8221;default&#8221; custom_padding=&#8221;0px||0px||true|false&#8221; hover_enabled=&#8221;0&#8243; global_colors_info=&#8221;{}&#8221; title_text=&#8221;Arca Events &#8211; Design Site04&#8243; background_image=&#8221;https:\/\/arca.events\/wp-content\/uploads\/2023\/10\/Arca-Events-Design-Site04.jpg&#8221; sticky_enabled=&#8221;0&#8243; height=&#8221;100vh&#8221;][\/et_pb_section][et_pb_section fb_built=&#8221;1&#8243; disabled_on=&#8221;on|off|off&#8221; _builder_version=&#8221;4.23&#8243; _module_preset=&#8221;default&#8221; custom_padding=&#8221;0px||0px||true|false&#8221; hover_enabled=&#8221;0&#8243; global_colors_info=&#8221;{}&#8221; title_text=&#8221;Arca Events &#8211; Design Site05&#8243; background_image=&#8221;https:\/\/arca.events\/wp-content\/uploads\/2023\/10\/Arca-Events-Design-Site05.jpg&#8221; sticky_enabled=&#8221;0&#8243; height=&#8221;100vh&#8221;][\/et_pb_section][et_pb_section fb_built=&#8221;1&#8243; disabled_on=&#8221;on|off|off&#8221; _builder_version=&#8221;4.23&#8243; _module_preset=&#8221;default&#8221; custom_padding=&#8221;0px||0px||true|false&#8221; hover_enabled=&#8221;0&#8243; global_colors_info=&#8221;{}&#8221; title_text=&#8221;Arca Events &#8211; Design Site06&#8243; background_image=&#8221;https:\/\/arca.events\/wp-content\/uploads\/2023\/10\/Arca-Events-Design-Site06.jpg&#8221; sticky_enabled=&#8221;0&#8243; height=&#8221;100vh&#8221;][\/et_pb_section][et_pb_section fb_built=&#8221;1&#8243; _builder_version=&#8221;4.23&#8243; _module_preset=&#8221;default&#8221; background_color=&#8221;#6627de&#8221; custom_margin=&#8221;0px||0px||true|false&#8221; custom_padding=&#8221;26px||26px||true|false&#8221; global_colors_info=&#8221;{}&#8221;][et_pb_row column_structure=&#8221;1_2,1_2&#8243; _builder_version=&#8221;4.23&#8243; _module_preset=&#8221;default&#8221; global_colors_info=&#8221;{}&#8221;][et_pb_column type=&#8221;1_2&#8243; _builder_version=&#8221;4.23&#8243; _module_preset=&#8221;default&#8221; global_colors_info=&#8221;{}&#8221;][et_pb_image src=&#8221;https:\/\/arca.events\/wp-content\/uploads\/2023\/10\/Logo-arca-events-2.png&#8221; title_text=&#8221;Logo-arca-events-2&#8243; _builder_version=&#8221;4.23&#8243; _module_preset=&#8221;default&#8221; max_width=&#8221;420px&#8221; max_width_tablet=&#8221;420px&#8221; max_width_phone=&#8221;213px&#8221; max_width_last_edited=&#8221;on|phone&#8221; module_alignment=&#8221;center&#8221; custom_margin_tablet=&#8221;&#8221; custom_margin_phone=&#8221;||29px||false|false&#8221; custom_margin_last_edited=&#8221;on|phone&#8221; global_colors_info=&#8221;{}&#8221;][\/et_pb_image][\/et_pb_column][et_pb_column type=&#8221;1_2&#8243; _builder_version=&#8221;4.23&#8243; _module_preset=&#8221;default&#8221; global_colors_info=&#8221;{}&#8221;][et_pb_text _builder_version=&#8221;4.23&#8243; _module_preset=&#8221;default&#8221; text_text_color=&#8221;#FFFFFF&#8221; link_font=&#8221;|||on|||||&#8221; link_text_align=&#8221;right&#8221; link_text_color=&#8221;#FFFFFF&#8221; link_font_size=&#8221;16px&#8221; text_orientation=&#8221;center&#8221; max_width=&#8221;192px&#8221; module_alignment=&#8221;right&#8221; custom_margin=&#8221;|-131px|27px|-3px|false|false&#8221; custom_padding=&#8221;11px|4px|11px|4px|true|true&#8221; module_alignment_tablet=&#8221;right&#8221; module_alignment_phone=&#8221;center&#8221; module_alignment_last_edited=&#8221;on|phone&#8221; border_radii=&#8221;on|100px|100px|100px|100px&#8221; border_width_all=&#8221;2px&#8221; border_color_all=&#8221;#FFFFFF&#8221; locked=&#8221;off&#8221; global_colors_info=&#8221;{}&#8221;]<\/p>\n<p><a href=\"#\"><strong>Contato<\/strong><\/a><\/p>\n<p>[\/et_pb_text][et_pb_text _builder_version=&#8221;4.23&#8243; _module_preset=&#8221;default&#8221; text_text_color=&#8221;#FFFFFF&#8221; text_font_size=&#8221;17px&#8221; link_text_color=&#8221;#FFFFFF&#8221; text_orientation=&#8221;right&#8221; custom_margin=&#8221;||0px||false|false&#8221; custom_margin_tablet=&#8221;||0px||false|false&#8221; custom_margin_phone=&#8221;51px||0px||false|false&#8221; custom_margin_last_edited=&#8221;on|phone&#8221; text_orientation_tablet=&#8221;right&#8221; text_orientation_phone=&#8221;center&#8221; text_orientation_last_edited=&#8221;on|phone&#8221; global_colors_info=&#8221;{}&#8221;]<\/p>\n<p><span>@arca.events<\/span> \u00a0 \u00a0 \u00a0 \u00a0 <span>+1 (407) 269-1420<\/span><\/p>\n<p>[\/et_pb_text][et_pb_text _builder_version=&#8221;4.23&#8243; _module_preset=&#8221;default&#8221; text_text_color=&#8221;#FFFFFF&#8221; text_line_height=&#8221;1.3em&#8221; text_orientation=&#8221;right&#8221; custom_padding=&#8221;10px||||false|false&#8221; text_orientation_tablet=&#8221;right&#8221; text_orientation_phone=&#8221;center&#8221; text_orientation_last_edited=&#8221;on|phone&#8221; global_colors_info=&#8221;{}&#8221;]<\/p>\n<p>ARCA EVENTS &#8211; Rua Visconde de Piraj\u00e1 414,<br \/>sala 718, Ipanema, Rio de Janeiro, Brasil<\/p>\n<p>[\/et_pb_text][\/et_pb_column][\/et_pb_row][\/et_pb_section]<\/p>\n","protected":false},"excerpt":{"rendered":"<p>\u2022 Tour Management\u2022 Produ\u00e7\u00e3o de Eventos\u2022 Live Marketing\u2022 Shows InternacionaisArca Events \u00e9 uma empresa l\u00edder no setor de produ\u00e7\u00e3o de eventos, especializada em produ\u00e7\u00e3o, planejamento e execu\u00e7\u00e3o de eventos de grande escala, nacionais e Internacionais, que buscam criar experi\u00eancias inesquec\u00edveis e impactantes para seu p\u00fablico.ContatoContato@arca.events \u00a0 \u00a0 \u00a0 \u00a0 +1 (407) 269-1420ARCA EVENTS &#8211; Rua [&hellip;]<\/p>\n","protected":false},"author":1,"featured_media":0,"parent":0,"menu_order":0,"comment_status":"closed","ping_status":"closed","template":"","meta":{"_et_pb_use_builder":"on","_et_pb_old_content":"","_et_gb_content_width":"","footnotes":""},"_links":{"self":[{"href":"https:\/\/arca.events\/index.php\/wp-json\/wp\/v2\/pages\/24"}],"collection":[{"href":"https:\/\/arca.events\/index.php\/wp-json\/wp\/v2\/pages"}],"about":[{"href":"https:\/\/arca.events\/index.php\/wp-json\/wp\/v2\/types\/page"}],"author":[{"embeddable":true,"href":"https:\/\/arca.events\/index.php\/wp-json\/wp\/v2\/users\/1"}],"replies":[{"embeddable":true,"href":"https:\/\/arca.events\/index.php\/wp-json\/wp\/v2\/comments?post=24"}],"version-history":[{"count":23,"href":"https:\/\/arca.events\/index.php\/wp-json\/wp\/v2\/pages\/24\/revisions"}],"predecessor-version":[{"id":80,"href":"https:\/\/arca.events\/index.php\/wp-json\/wp\/v2\/pages\/24\/revisions\/80"}],"wp:attachment":[{"href":"https:\/\/arca.events\/index.php\/wp-json\/wp\/v2\/media?parent=24"}],"curies":[{"name":"wp","href":"https:\/\/api.w.org\/{rel}","templated":true}]}}